{"id":317,"date":"2022-10-02T17:44:11","date_gmt":"2022-10-02T15:44:11","guid":{"rendered":"https:\/\/www.physiqueclubledonien.fr\/?page_id=317"},"modified":"2024-10-26T14:03:12","modified_gmt":"2024-10-26T12:03:12","slug":"reglement-interieur","status":"publish","type":"page","link":"https:\/\/www.physiqueclubledonien.fr\/index.php\/reglement-interieur\/","title":{"rendered":"R\u00e8glement int\u00e9rieur"},"content":{"rendered":"\n<p class=\"has-text-align-center has-black-color has-white-background-color has-text-color has-background has-medium-font-size\" style=\"font-style:normal;font-weight:800\"><strong>REGLEMENT INTERIEUR DU PHYSIQUE CLUB LEDONIEN<\/strong><\/p>\n\n\n\n<p class=\"has-text-align-center has-vivid-red-color has-luminous-vivid-amber-background-color has-text-color has-background\" style=\"font-style:normal;font-weight:600\"><strong>TENUE, HYGIENE, RESPECT MUTUEL<\/strong><\/p>\n\n\n\n<p class=\"has-black-color has-white-background-color has-text-color has-background has-link-color wp-elements-a9f4e0d9a31411372621ab9ed4ab2ea1\">-Le respect des lieux, le maintien en \u00e9tat des installations et des \u00e9quipements ainsi que la propret\u00e9 dans l&rsquo;enceinte du club est l&rsquo;affaire de tous.<\/p>\n\n\n\n<p class=\"has-black-color has-white-background-color has-text-color has-background has-link-color wp-elements-671cd1cf133bb2e7ad730e20a1a8d7c2\">-Il est formellement interdit d&rsquo;acc\u00e9der \u00e0 la salle avec des chaussures ayant servies \u00e0 l&rsquo;ext\u00e9rieur. De ce fait le passage aux vestiaires est obligatoire pour l&rsquo;habillage et le d\u00e9shabillage.<\/p>\n\n\n\n<p class=\"has-black-color has-white-background-color has-text-color has-background has-link-color wp-elements-d166bf0dcf142ac979c168468e3a15c9\">-Le port d&rsquo;une tenue de sport correcte est exig\u00e9. Cette tenue doit comporter notamment : une paire de chaussures propres r\u00e9serv\u00e9e \u00e0 l&rsquo;entra\u00eenement et une serviette pour prot\u00e9ger les machines de la transpiration pendant l&rsquo;entra\u00eenement.<\/p>\n\n\n\n<p class=\"has-black-color has-white-background-color has-text-color has-background has-link-color wp-elements-fc5ef961ce096eb13d6b2b26a25bcc9f\">-Toute personne ayant contract\u00e9 une pathologie quelconque doit veiller \u00e0 ne pas la propager au sein du club (virus, grippe\u2026etc.)<\/p>\n\n\n\n<p class=\"has-black-color has-white-background-color has-text-color has-background has-link-color wp-elements-055e164b205d4227ba08643ac541c882\">-tout adh\u00e9rent doit respecter les r\u00e8gles sanitaires en vigueur dict\u00e9es par le minist\u00e8re de la sant\u00e9 (passe sanitaire, port du masque, d\u00e9sinfection des machines, lavage de mains etc.)<\/p>\n\n\n\n<p class=\"has-black-color has-white-background-color has-text-color has-background has-link-color wp-elements-707a0d9f007799cb7968e69d4b319d50\">-Un minimum de savoir vivre est de rigueur dans les relations entre les adh\u00e9rents.<\/p>\n\n\n\n<p class=\"has-black-color has-white-background-color has-text-color has-background has-link-color wp-elements-1359581ef85a35025f4aebff1f601c6a\">-Tout pratiquant s&rsquo;engage \u00e0 adopter une attitude et un langage corrects \u00e0 l&rsquo;\u00e9gard d&rsquo;autrui en toutes circonstances.<\/p>\n\n\n\n<p class=\"has-black-color has-white-background-color has-text-color has-background has-link-color wp-elements-e148cf26b505e5eaf97f5463a6489257\">-Les comportements ne doivent pas \u00eatre source de nuisance pour les autres.<\/p>\n\n\n\n<p class=\"has-black-color has-white-background-color has-text-color has-background has-link-color wp-elements-f79750126fcc712dc86b499dc3d93163\">-Toute bagarre ou altercation entra\u00eenera une exclusion momentan\u00e9e ou d\u00e9finitive du club.<\/p>\n\n\n\n<p class=\"has-black-color has-white-background-color has-text-color has-background has-link-color wp-elements-f5d8a462a17d246cfedd79ace10668ff\">-Les usagers doivent organiser au mieux leur entra\u00eenement de mani\u00e8re \u00e0 ne pas p\u00e9naliser les autres adh\u00e9rents notamment en optimisant l&rsquo;utilisation du mat\u00e9riel et des machines.<\/p>\n\n\n\n<p class=\"has-text-align-center has-vivid-red-color has-luminous-vivid-amber-background-color has-text-color has-background\"><strong>MATERIEL, MACHINES, POIDS ET HALTERES<\/strong><\/p>\n\n\n\n<p class=\"has-black-color has-white-background-color has-text-color has-background has-link-color wp-elements-0e652790e7d82db7984632d1e32c1e20\">-Il est formellement interdit de d\u00e9placer les machines.<\/p>\n\n\n\n<p class=\"has-black-color has-white-background-color has-text-color has-background has-link-color wp-elements-6871c09b1291955068fdf22e4732e1ab\">-Tout mat\u00e9riel utilis\u00e9 doit \u00eatre rang\u00e9 \u00e0 sa place.<\/p>\n\n\n\n<p class=\"has-black-color has-white-background-color has-text-color has-background has-link-color wp-elements-e7ecc7f4113d783b042874a27e0fc4e3\">-Les usagers doivent d\u00e9charger les barres ou les machines apr\u00e8s utilisation.<\/p>\n\n\n\n<p class=\"has-black-color has-white-background-color has-text-color has-background has-link-color wp-elements-31c3b2e2d693ca1312cd4511c5577f36\">-Ne pas utiliser de poids et halt\u00e8res dans la zone de cardio training car le plancher est en bois<\/p>\n\n\n\n<p class=\"has-text-align-center has-vivid-red-color has-luminous-vivid-amber-background-color has-text-color has-background\"><strong>DISCIPLINE, SECURITE ET ASSURANCE<\/strong><\/p>\n\n\n\n<p class=\"has-black-color has-white-background-color has-text-color has-background has-link-color wp-elements-fd035f5313cff0d9587eea3485a96cf9\">-les v\u00e9los et les trottinettes sont interdits dans l\u2019enceinte de l\u2019association.<\/p>\n\n\n\n<p class=\"has-black-color has-white-background-color has-text-color has-background has-link-color wp-elements-a017ac56534b7d57cc760ded6057bffc\">-Il est interdit de fumer ou de vapoter dans l&rsquo;enceinte du club.<\/p>\n\n\n\n<p class=\"has-black-color has-white-background-color has-text-color has-background has-link-color wp-elements-2f1b795374e5c6ef9aaa63e1ed8e6212\">&#8211; pour une question de s\u00e9curit\u00e9, il est formellement interdit de maintenir les portes d\u2019entr\u00e9e et de secours ouvertes.<\/p>\n\n\n\n<p class=\"has-black-color has-white-background-color has-text-color has-background has-link-color wp-elements-d69f36974d1c17316f81b6cb4856f4cb\">-L&rsquo;utilisation du t\u00e9l\u00e9phone portable ne doit pas perturber l&rsquo;entra\u00eenement des usagers.<\/p>\n\n\n\n<p class=\"has-black-color has-white-background-color has-text-color has-background has-link-color wp-elements-045003fffc82228af1ba869abc47d2ab\">-Chaque utilisateur est pri\u00e9 de ramasser sa bouteille, sa serviette\u2026avant de quitter les lieux.<\/p>\n\n\n\n<p class=\"has-black-color has-white-background-color has-text-color has-background has-link-color wp-elements-07d76f1f6d4ceac033b693a18efb48a7\">-Afin de limiter les vols et autres dommages aux biens, il est recommand\u00e9 de ne pas laisser d&rsquo;affaires ou objets de valeur dans les vestiaires : en cons\u00e9quence des casiers individuels seront mis \u00e0 votre disposition (fermeture \u00e0 cl\u00e9, cette derni\u00e8re sera remise sur le casier \u00e0 votre d\u00e9part).<\/p>\n\n\n\n<p class=\"has-black-color has-white-background-color has-text-color has-background has-link-color wp-elements-60c9b0c13737c16720168968445463b2\">-L&rsquo;utilisation de la cha\u00eene Hi-Fi doit se faire \u00e0 un volume raisonnable ne g\u00eanant pas les adh\u00e9rents.<\/p>\n\n\n\n<p class=\"has-black-color has-white-background-color has-text-color has-background has-link-color wp-elements-145c5fcf742ee0db0321e8df0ae4114a\">-L&rsquo;introduction, la promotion, la possession, la vente, l&rsquo;achat ou la consommation de substances ill\u00e9gales, toxiques ou nocives pour l&rsquo;organisme (drogue, alcool ou autre produit) sont rigoureusement interdites au club. Toute personne qui contreviendrait \u00e0 cette disposition s&rsquo;exposera \u00e0 des sanctions.<\/p>\n\n\n\n<p class=\"has-black-color has-white-background-color has-text-color has-background has-link-color wp-elements-aaef8053fcf8bb5b071ef46b3c259f70\">-Les adh\u00e9rents doivent aussi prendre connaissance de la loi 2008-650 du 03\/07\/2008 relative aux produits dopants, du d\u00e9cret n\u00b02008-35 et de l&rsquo;arr\u00eat\u00e9 du 04\/08\/2008 modifiant les dispositions r\u00e9glementaires du code des sports.<\/p>\n\n\n\n<p class=\"has-black-color has-white-background-color has-text-color has-background has-link-color wp-elements-cbfc113a4ab7a0c88531b2679701582d\">-Le Bureau se r\u00e9serve le droit de prendre ou d&rsquo;imposer toutes les mesures qui seraient n\u00e9cessaires pour garantir la s\u00e9curit\u00e9 de ses adh\u00e9rents et les conditions d&rsquo;hygi\u00e8ne.<\/p>\n\n\n\n<p class=\"has-black-color has-white-background-color has-text-color has-background has-link-color wp-elements-d80ee0d078bc901d44879f4b19eb5347\">-La souscription d&rsquo;une assurance de responsabilit\u00e9 civile est obligatoire pour chaque pratiquant. Celui-ci devra pr\u00e9senter un questionnaire de sant\u00e9 r\u00e9cent (QS SPORT CERFA 15699*01), 2 photos d&rsquo;identit\u00e9, et son r\u00e8glement par ch\u00e8que \u00e0 l&rsquo;attention du PHYSIQUE CLUB LEDONIEN.<\/p>\n\n\n\n<p class=\"has-black-color has-white-background-color has-text-color has-background has-link-color wp-elements-bf45494eee4f411c42263b0f1a715302\">-Le PHYSIQUE CLUB LEDONIEN est assur\u00e9 aupr\u00e8s d&rsquo;une compagnie d&rsquo;assurances conform\u00e9ment \u00e0 la l\u00e9gislation pour les dommages engageant sa responsabilit\u00e9. Pour information : l&rsquo;assurance responsabilit\u00e9 civile de chaque adh\u00e9rent est valable en cas de non engagement de la responsabilit\u00e9 civile du PHYSIQUE CLUB LEDONIEN (le couvrant de tous les dommages qu&rsquo;il pourrait causer \u00e0 des tiers pendant l&rsquo;exercice des activit\u00e9s du club).<\/p>\n\n\n\n<p class=\"has-text-align-center has-vivid-red-color has-luminous-vivid-amber-background-color has-text-color has-background\"><strong>HORAIRES, CONDITIONS D&rsquo;ACCES, RESPONSABLES DE SALLE<\/strong><\/p>\n\n\n\n<p class=\"has-black-color has-white-background-color has-text-color has-background has-link-color wp-elements-26fe8fd5bfd43185471f22d9abfc0e36\">-les horaires d\u2019ouverture et de fermeture peuvent \u00eatre variables et sont fix\u00e9s par le Bureau. La salle est ouverte les jours f\u00e9ri\u00e9s mais ferm\u00e9e le dimanche, sauf pour les athl\u00e8tes qui, lors de la pr\u00e9paration d\u2019une comp\u00e9tition, peuvent s\u2019entrainer avec l\u2019accord du Bureau.<\/p>\n\n\n\n<p class=\"has-black-color has-white-background-color has-text-color has-background has-link-color wp-elements-c559d55acec6e78f455170b199c0085e\">-Le Bureau d\u00e9finit les horaires, les conditions d&rsquo;ouverture et de fermeture du club que les adh\u00e9rents doivent respecter.<\/p>\n\n\n\n<p class=\"has-black-color has-white-background-color has-text-color has-background has-link-color wp-elements-0c64e0e9906fe529f0d938e81debb0b7\">-Il s&rsquo;accorde le droit de modifier ou de supprimer certains horaires \u00e0 tout moment.<\/p>\n\n\n\n<p class=\"has-black-color has-white-background-color has-text-color has-background has-link-color wp-elements-7ce62323f81041d8b0dab9e77042f82f\">-l\u2019ouverture de la salle s\u2019effectue par le biais d\u2019un badge magn\u00e9tique reli\u00e9 \u00e0 un syst\u00e8me de vid\u00e9osurveillance. Le badge est soumis \u00e0 une caution de 20 E qui sera restitu\u00e9e apr\u00e8s d\u00e9sinscription du soci\u00e9taire. Si le badge est perdu, l\u2019adh\u00e9rent ou l\u2019adh\u00e9rente devra repayer une nouvelle caution de 20 E.<\/p>\n\n\n\n<p class=\"has-black-color has-white-background-color has-text-color has-background has-link-color wp-elements-7f502d599cd544d1a348a3cae7a6038e\">-Tout adh\u00e9rent (y compris les membres du Bureau) doit s&rsquo;acquitter de sa cotisation annuelle pour avoir acc\u00e8s \u00e0 la salle :&nbsp;&nbsp;<\/p>\n\n\n\n<p class=\"has-black-color has-white-background-color has-text-color has-background has-link-color wp-elements-eca16fc6cd1a80b04875376c08bcb9fb\">Anciens adh\u00e9rents : 90 euros en individuel et 150 euros pour un couple ( deux adh\u00e9rents mari\u00e9s ou en concubinage vivant \u00e0 la m\u00eame adresse).<\/p>\n\n\n\n<p class=\"has-black-color has-white-background-color has-text-color has-background has-link-color wp-elements-d64dfac75d3ee13db7882aa4e7656146\">Nouveaux adh\u00e9rents : 110 euros en individuel , pas de tarif couple.<\/p>\n\n\n\n<p class=\"has-black-color has-white-background-color has-text-color has-background has-link-color wp-elements-b9f35d9ffa641aff4b825d738c610698\">NB&nbsp;: lors de l\u2019inscription, tout adh\u00e9rent qui n\u2019\u00e9tait pas inscrit la saison pr\u00e9c\u00e9dente sera consid\u00e9r\u00e9 comme nouvel adh\u00e9rent, m\u00eame s\u2019il a d\u00e9j\u00e0 \u00e9t\u00e9 inscrit au club dans le pass\u00e9.<\/p>\n\n\n\n<p class=\"has-black-color has-white-background-color has-text-color has-background has-link-color wp-elements-2cd9cea914c5a0b261c7c5652418bda0\">&#8211; L&rsquo;entra\u00eenement au PHYSIQUE CLUB LEDONIEN est interdit \u00e0 toute personne n&rsquo;ayant pas pay\u00e9 sa cotisation.<\/p>\n\n\n\n<p class=\"has-black-color has-white-background-color has-text-color has-background has-link-color wp-elements-3e88ec04a1da0f87af703f8400ce3fa8\">-Toute personne ext\u00e9rieure au club (non inscrite) est interdite au club sans l\u2019accord du Pr\u00e9sident.&nbsp;<\/p>\n\n\n\n<p class=\"has-text-align-center has-vivid-red-color has-luminous-vivid-amber-background-color has-text-color has-background\" style=\"font-style:normal;font-weight:800\"><strong>CONCLUSION<\/strong><\/p>\n\n\n\n<p class=\"has-black-color has-white-background-color has-text-color has-background\">-La fr\u00e9quentation du PHYSIQUE CLUB LEDONIEN implique la prise de connaissance, l&rsquo;acceptation et le respect du pr\u00e9sent r\u00e8glement int\u00e9rieur d\u00e9fini dans un souci de bien \u00eatre pour tous les adh\u00e9rents.<\/p>\n\n\n\n<p class=\"has-black-color has-white-background-color has-text-color has-background\">-En cas de non respect des consignes pr\u00e9c\u00e9demment cit\u00e9es, le Bureau sera habilit\u00e9 \u00e0 prendre les mesures n\u00e9cessaires \u00e0 l&rsquo;encontre des contrevenants et se r\u00e9servera le droit de leur interdire l&rsquo;acc\u00e8s au club.<\/p>\n\n\n<div class=\"wp-block-image\">\n<figure class=\"alignright size-full\"><img loading=\"lazy\" decoding=\"async\" width=\"96\" height=\"40\" src=\"https:\/\/www.physiqueclubledonien.fr\/wp-content\/uploads\/2024\/10\/image.png\" alt=\"\" class=\"wp-image-489\"\/><\/figure>\n<\/div>\n\n\n<p class=\"has-text-align-center has-black-color has-white-background-color has-text-color has-background\" style=\"font-style:normal;font-weight:700\">(R\u00e8glement int\u00e9rieur mis \u00e0 jour le 26\/10\/2024) Le Bureau du PCL.<\/p>\n\n\n\n<p><\/p>\n","protected":false},"excerpt":{"rendered":"<p>REGLEMENT INTERIEUR DU PHYSIQUE CLUB LEDONIEN TENUE, HYGIENE, RESPECT MUTUEL -Le respect des lieux, le maintien en \u00e9tat des installations et des \u00e9quipements ainsi que la propret\u00e9 dans l&rsquo;enceinte du club est l&rsquo;affaire de tous. -Il est formellement interdit d&rsquo;acc\u00e9der \u00e0 la salle avec des chaussures ayant servies \u00e0 l&rsquo;ext\u00e9rieur. De ce fait le passage [&hellip;]<\/p>\n","protected":false},"author":1,"featured_media":0,"parent":0,"menu_order":0,"comment_status":"closed","ping_status":"closed","template":"","meta":{"footnotes":""},"class_list":["post-317","page","type-page","status-publish","hentry"],"_links":{"self":[{"href":"https:\/\/www.physiqueclubledonien.fr\/index.php\/wp-json\/wp\/v2\/pages\/317","targetHints":{"allow":["GET"]}}],"collection":[{"href":"https:\/\/www.physiqueclubledonien.fr\/index.php\/wp-json\/wp\/v2\/pages"}],"about":[{"href":"https:\/\/www.physiqueclubledonien.fr\/index.php\/wp-json\/wp\/v2\/types\/page"}],"author":[{"embeddable":true,"href":"https:\/\/www.physiqueclubledonien.fr\/index.php\/wp-json\/wp\/v2\/users\/1"}],"replies":[{"embeddable":true,"href":"https:\/\/www.physiqueclubledonien.fr\/index.php\/wp-json\/wp\/v2\/comments?post=317"}],"version-history":[{"count":7,"href":"https:\/\/www.physiqueclubledonien.fr\/index.php\/wp-json\/wp\/v2\/pages\/317\/revisions"}],"predecessor-version":[{"id":495,"href":"https:\/\/www.physiqueclubledonien.fr\/index.php\/wp-json\/wp\/v2\/pages\/317\/revisions\/495"}],"wp:attachment":[{"href":"https:\/\/www.physiqueclubledonien.fr\/index.php\/wp-json\/wp\/v2\/media?parent=317"}],"curies":[{"name":"wp","href":"https:\/\/api.w.org\/{rel}","templated":true}]}}