{"id":68,"date":"2022-09-12T22:16:25","date_gmt":"2022-09-12T20:16:25","guid":{"rendered":"https:\/\/www.physiqueclubledonien.fr\/?page_id=68"},"modified":"2023-05-07T17:23:42","modified_gmt":"2023-05-07T15:23:42","slug":"athletes","status":"publish","type":"page","link":"https:\/\/www.physiqueclubledonien.fr\/index.php\/athletes\/","title":{"rendered":"Athl\u00e8tes"},"content":{"rendered":"\n<p class=\"has-text-color has-medium-font-size\" id=\"maintitle\" style=\"color:#fafa42\"><strong>Athl\u00e8tes du Physique Club<\/strong><\/p>\n\n\n\n<p class=\"has-text-color\" style=\"color:#fafa42\"><strong>2018<\/strong><\/p>\n\n\n\n<blockquote class=\"wp-block-quote has-text-color is-layout-flow wp-block-quote-is-layout-flow\" style=\"color:#fafa42\">\n<p><strong>Honorat Bernot<\/strong><\/p>\n\n\n\n<p><strong>Quentin Bert<\/strong><\/p>\n\n\n\n<p><strong>Denis Canciani<\/strong><\/p>\n\n\n\n<p><strong>Paul Gelique<\/strong><\/p>\n\n\n\n<p><strong>S\u00e9bastien Roche<\/strong><\/p>\n\n\n\n<p><strong>Arnaud Vienez<\/strong><\/p>\n<\/blockquote>\n\n\n\n<figure class=\"wp-block-image size-full\"><img loading=\"lazy\" decoding=\"async\" width=\"447\" height=\"744\" src=\"https:\/\/www.physiqueclubledonien.fr\/wp-content\/uploads\/2023\/05\/2018.jpg\" alt=\"\" class=\"wp-image-351\" srcset=\"https:\/\/www.physiqueclubledonien.fr\/wp-content\/uploads\/2023\/05\/2018.jpg 447w, https:\/\/www.physiqueclubledonien.fr\/wp-content\/uploads\/2023\/05\/2018-180x300.jpg 180w\" sizes=\"auto, (max-width: 447px) 100vw, 447px\" \/><\/figure>\n\n\n\n<p class=\"has-text-color\" style=\"color:#fafa42\"><strong>2017<\/strong><\/p>\n\n\n\n<blockquote class=\"wp-block-quote has-text-color is-layout-flow wp-block-quote-is-layout-flow\" style=\"color:#fafa42\">\n<p><strong>Patrice Bassard<\/strong><\/p>\n\n\n\n<p><strong>Paul Gelique<\/strong><\/p>\n\n\n\n<p><strong>J\u00e9r\u00f4me Malbet<\/strong><\/p>\n\n\n\n<p><strong>Arnaud Vienez<\/strong><\/p>\n\n\n\n<figure class=\"wp-block-image size-full\"><img loading=\"lazy\" decoding=\"async\" width=\"374\" height=\"664\" src=\"https:\/\/www.physiqueclubledonien.fr\/wp-content\/uploads\/2023\/05\/2017.jpg\" alt=\"\" class=\"wp-image-353\" srcset=\"https:\/\/www.physiqueclubledonien.fr\/wp-content\/uploads\/2023\/05\/2017.jpg 374w, https:\/\/www.physiqueclubledonien.fr\/wp-content\/uploads\/2023\/05\/2017-169x300.jpg 169w\" sizes=\"auto, (max-width: 374px) 100vw, 374px\" \/><\/figure>\n<\/blockquote>\n\n\n\n<p class=\"has-text-color\" style=\"color:#fafa42\"><strong>2016<\/strong><\/p>\n\n\n\n<blockquote class=\"wp-block-quote has-text-color is-layout-flow wp-block-quote-is-layout-flow\" style=\"color:#fafa42\">\n<p><strong>Honorat Bernot<\/strong><\/p>\n\n\n\n<p><strong>Quentin Bert<\/strong><\/p>\n\n\n\n<p><strong>Jean Luc Loersch<\/strong><\/p>\n\n\n\n<p><strong>J\u00e9r\u00f4me Malbet<\/strong><\/p>\n\n\n\n<p><strong>S\u00e9bastien Roche<\/strong><\/p>\n\n\n\n<figure class=\"wp-block-image size-full\"><img loading=\"lazy\" decoding=\"async\" width=\"487\" height=\"613\" src=\"https:\/\/www.physiqueclubledonien.fr\/wp-content\/uploads\/2023\/05\/2016.jpg\" alt=\"\" class=\"wp-image-355\" srcset=\"https:\/\/www.physiqueclubledonien.fr\/wp-content\/uploads\/2023\/05\/2016.jpg 487w, https:\/\/www.physiqueclubledonien.fr\/wp-content\/uploads\/2023\/05\/2016-238x300.jpg 238w\" sizes=\"auto, (max-width: 487px) 100vw, 487px\" \/><\/figure>\n<\/blockquote>\n\n\n\n<p class=\"has-text-color\" style=\"color:#fafa42\"><strong>2015<\/strong><\/p>\n\n\n\n<blockquote class=\"wp-block-quote has-text-color is-layout-flow wp-block-quote-is-layout-flow\" style=\"color:#fafa42\">\n<p><strong>Honorat Bernot<\/strong><\/p>\n\n\n\n<p><strong>Jean Luc Loersch<\/strong><\/p>\n\n\n\n<p><strong>J\u00e9r\u00f4me Malbet<\/strong><\/p>\n\n\n\n<p><strong>Thomas Poncelin<\/strong><\/p>\n\n\n\n<figure class=\"wp-block-image size-full\"><img loading=\"lazy\" decoding=\"async\" width=\"628\" height=\"608\" src=\"https:\/\/www.physiqueclubledonien.fr\/wp-content\/uploads\/2023\/05\/2015.jpg\" alt=\"\" class=\"wp-image-357\" srcset=\"https:\/\/www.physiqueclubledonien.fr\/wp-content\/uploads\/2023\/05\/2015.jpg 628w, https:\/\/www.physiqueclubledonien.fr\/wp-content\/uploads\/2023\/05\/2015-300x290.jpg 300w\" sizes=\"auto, (max-width: 628px) 100vw, 628px\" \/><\/figure>\n<\/blockquote>\n\n\n\n<p class=\"has-text-color\" style=\"color:#fafa42\"><strong>2014<\/strong><\/p>\n\n\n\n<blockquote class=\"wp-block-quote has-text-color is-layout-flow wp-block-quote-is-layout-flow\" style=\"color:#fafa42\">\n<p><strong>Patrice Bassard<\/strong><\/p>\n\n\n\n<p><strong>Jean Luc Loersch<\/strong><\/p>\n\n\n\n<p><strong>J\u00e9r\u00f4me Malbet<\/strong><\/p>\n\n\n\n<p><strong>S\u00e9bastien Roche<\/strong><\/p>\n\n\n\n<figure class=\"wp-block-image size-large\"><img loading=\"lazy\" decoding=\"async\" width=\"783\" height=\"1024\" src=\"https:\/\/www.physiqueclubledonien.fr\/wp-content\/uploads\/2023\/05\/2014-783x1024.jpg\" alt=\"\" class=\"wp-image-359\" srcset=\"https:\/\/www.physiqueclubledonien.fr\/wp-content\/uploads\/2023\/05\/2014-783x1024.jpg 783w, https:\/\/www.physiqueclubledonien.fr\/wp-content\/uploads\/2023\/05\/2014-229x300.jpg 229w, https:\/\/www.physiqueclubledonien.fr\/wp-content\/uploads\/2023\/05\/2014-768x1004.jpg 768w, https:\/\/www.physiqueclubledonien.fr\/wp-content\/uploads\/2023\/05\/2014-1175x1536.jpg 1175w, https:\/\/www.physiqueclubledonien.fr\/wp-content\/uploads\/2023\/05\/2014-1566x2048.jpg 1566w, https:\/\/www.physiqueclubledonien.fr\/wp-content\/uploads\/2023\/05\/2014-scaled.jpg 1958w\" sizes=\"auto, (max-width: 783px) 100vw, 783px\" \/><figcaption class=\"wp-element-caption\">SONY DSC<\/figcaption><\/figure>\n<\/blockquote>\n\n\n\n<p class=\"has-text-color\" style=\"color:#fafa42\"><strong>2013<\/strong><\/p>\n\n\n\n<blockquote class=\"wp-block-quote has-text-color is-layout-flow wp-block-quote-is-layout-flow\" style=\"color:#fafa42\">\n<p><strong>Fran\u00e7ois Gauvin<\/strong><\/p>\n\n\n\n<p><strong>Jean Etienne Petiot<\/strong><\/p>\n\n\n\n<p><strong>Jean Luc Loersch<\/strong><\/p>\n\n\n\n<p><strong>S\u00e9bastien Vauchier<\/strong><\/p>\n\n\n\n<p><strong>Nadir Latreche<\/strong><\/p>\n\n\n\n<p><strong>Patrice Bassard<\/strong><\/p>\n\n\n\n<figure class=\"wp-block-image size-full\"><img loading=\"lazy\" decoding=\"async\" width=\"726\" height=\"479\" src=\"https:\/\/www.physiqueclubledonien.fr\/wp-content\/uploads\/2023\/05\/2013.jpg\" alt=\"\" class=\"wp-image-361\" srcset=\"https:\/\/www.physiqueclubledonien.fr\/wp-content\/uploads\/2023\/05\/2013.jpg 726w, https:\/\/www.physiqueclubledonien.fr\/wp-content\/uploads\/2023\/05\/2013-300x198.jpg 300w\" sizes=\"auto, (max-width: 726px) 100vw, 726px\" \/><\/figure>\n<\/blockquote>\n\n\n\n<p class=\"has-text-color\" style=\"color:#fafa42\"><strong>2012<\/strong><\/p>\n\n\n\n<blockquote class=\"wp-block-quote has-text-color is-layout-flow wp-block-quote-is-layout-flow\" style=\"color:#fafa42\">\n<p><strong>Fran\u00e7ois Gauvin<\/strong><\/p>\n\n\n\n<p><strong>S\u00e9bastien Vauchier<\/strong><\/p>\n\n\n\n<p><strong>S\u00e9bastien Roche<\/strong><\/p>\n\n\n\n<p><strong>J\u00e9r\u00f4me Malbet<\/strong><\/p>\n\n\n\n<p><strong>Nadir Latreche<\/strong><\/p>\n\n\n\n<figure class=\"wp-block-image size-large\"><img loading=\"lazy\" decoding=\"async\" width=\"1024\" height=\"745\" src=\"https:\/\/www.physiqueclubledonien.fr\/wp-content\/uploads\/2023\/05\/2012-1-1024x745.jpg\" alt=\"\" class=\"wp-image-364\" srcset=\"https:\/\/www.physiqueclubledonien.fr\/wp-content\/uploads\/2023\/05\/2012-1-1024x745.jpg 1024w, https:\/\/www.physiqueclubledonien.fr\/wp-content\/uploads\/2023\/05\/2012-1-300x218.jpg 300w, https:\/\/www.physiqueclubledonien.fr\/wp-content\/uploads\/2023\/05\/2012-1-768x559.jpg 768w, https:\/\/www.physiqueclubledonien.fr\/wp-content\/uploads\/2023\/05\/2012-1-1536x1118.jpg 1536w, https:\/\/www.physiqueclubledonien.fr\/wp-content\/uploads\/2023\/05\/2012-1.jpg 2048w\" sizes=\"auto, (max-width: 1024px) 100vw, 1024px\" \/><\/figure>\n<\/blockquote>\n\n\n\n<p class=\"has-text-color\" style=\"color:#fafa42\"><strong>2011<\/strong><\/p>\n\n\n\n<blockquote class=\"wp-block-quote has-text-color is-layout-flow wp-block-quote-is-layout-flow\" style=\"color:#fafa42\">\n<p><strong>Fran\u00e7ois Gauvin<\/strong><\/p>\n\n\n\n<p><strong>Daniel Dos Santos<\/strong><\/p>\n\n\n\n<p><strong>C\u00e9dric Baugey<\/strong><\/p>\n\n\n\n<p><strong>S\u00e9bastien Vauchier<\/strong><\/p>\n\n\n\n<p><strong>S\u00e9bastien Roche<\/strong><\/p>\n\n\n\n<p><strong>Patrice Bassard<\/strong><\/p>\n\n\n\n<p><strong>Franck Didelle<\/strong><\/p>\n\n\n\n<p><strong>Samia Didelle<\/strong><\/p>\n\n\n\n<figure class=\"wp-block-image size-full\"><img loading=\"lazy\" decoding=\"async\" width=\"628\" height=\"266\" src=\"https:\/\/www.physiqueclubledonien.fr\/wp-content\/uploads\/2023\/05\/2011.jpg\" alt=\"\" class=\"wp-image-366\" srcset=\"https:\/\/www.physiqueclubledonien.fr\/wp-content\/uploads\/2023\/05\/2011.jpg 628w, https:\/\/www.physiqueclubledonien.fr\/wp-content\/uploads\/2023\/05\/2011-300x127.jpg 300w\" sizes=\"auto, (max-width: 628px) 100vw, 628px\" \/><\/figure>\n<\/blockquote>\n\n\n\n<p class=\"has-text-color\" style=\"color:#fafa42\"><strong>2010<\/strong><\/p>\n\n\n\n<blockquote class=\"wp-block-quote has-text-color is-layout-flow wp-block-quote-is-layout-flow\" style=\"color:#fafa42\">\n<p><strong>S\u00e9bastien Roche<\/strong><\/p>\n\n\n\n<p><strong>Patrice Bassard<\/strong><\/p>\n<\/blockquote>\n\n\n\n<figure class=\"wp-block-image size-full\"><img loading=\"lazy\" decoding=\"async\" width=\"900\" height=\"600\" src=\"https:\/\/www.physiqueclubledonien.fr\/wp-content\/uploads\/2023\/05\/2010.jpg\" alt=\"\" class=\"wp-image-371\" srcset=\"https:\/\/www.physiqueclubledonien.fr\/wp-content\/uploads\/2023\/05\/2010.jpg 900w, https:\/\/www.physiqueclubledonien.fr\/wp-content\/uploads\/2023\/05\/2010-300x200.jpg 300w, https:\/\/www.physiqueclubledonien.fr\/wp-content\/uploads\/2023\/05\/2010-768x512.jpg 768w\" sizes=\"auto, (max-width: 900px) 100vw, 900px\" \/><\/figure>\n\n\n\n<p class=\"has-text-color\" style=\"color:#fafa42\"><strong>2009<\/strong><\/p>\n\n\n\n<blockquote class=\"wp-block-quote has-text-color is-layout-flow wp-block-quote-is-layout-flow\" style=\"color:#fafa42\">\n<p><strong>Patrice Bassard<\/strong><\/p>\n\n\n\n<p><strong>Olivier Clavez<\/strong><\/p>\n\n\n\n<p><strong>Franck Didelle<\/strong><\/p>\n\n\n\n<p><strong>Samia Didelle<\/strong><\/p>\n\n\n\n<p><strong>Daniel Dos Santos<\/strong><\/p>\n\n\n\n<p><strong>Laurent Ducourtioux<\/strong><\/p>\n\n\n\n<p><strong>Fran\u00e7ois Gauvin<\/strong><\/p>\n\n\n\n<p><strong>Nathalie Loersch<\/strong><\/p>\n\n\n\n<p><strong>S\u00e9bastien Roche<\/strong><\/p>\n\n\n\n<p><strong>Lydie Saintoyant<\/strong><\/p>\n<\/blockquote>\n\n\n\n<figure class=\"wp-block-image size-full\"><img loading=\"lazy\" decoding=\"async\" width=\"800\" height=\"600\" src=\"https:\/\/www.physiqueclubledonien.fr\/wp-content\/uploads\/2023\/05\/2009.jpg\" alt=\"\" class=\"wp-image-370\" srcset=\"https:\/\/www.physiqueclubledonien.fr\/wp-content\/uploads\/2023\/05\/2009.jpg 800w, https:\/\/www.physiqueclubledonien.fr\/wp-content\/uploads\/2023\/05\/2009-300x225.jpg 300w, https:\/\/www.physiqueclubledonien.fr\/wp-content\/uploads\/2023\/05\/2009-768x576.jpg 768w\" sizes=\"auto, (max-width: 800px) 100vw, 800px\" \/><\/figure>\n\n\n\n<p class=\"has-text-color\" style=\"color:#fafa42\"><strong>2008<\/strong><\/p>\n\n\n\n<blockquote class=\"wp-block-quote has-text-color is-layout-flow wp-block-quote-is-layout-flow\" style=\"color:#fafa42\">\n<p><strong>C\u00e9dric Artz<\/strong><\/p>\n\n\n\n<p><strong>Daniel Dos Santos<\/strong><\/p>\n\n\n\n<p><strong>Fran\u00e7ois Gauvin<\/strong><\/p>\n\n\n\n<p><strong>Herve Laget<\/strong><\/p>\n\n\n\n<p><strong>Lydie Saintoyant<\/strong><\/p>\n<\/blockquote>\n\n\n\n<figure class=\"wp-block-image size-full\"><img loading=\"lazy\" decoding=\"async\" width=\"600\" height=\"450\" src=\"https:\/\/www.physiqueclubledonien.fr\/wp-content\/uploads\/2023\/05\/2008.jpg\" alt=\"\" class=\"wp-image-369\" srcset=\"https:\/\/www.physiqueclubledonien.fr\/wp-content\/uploads\/2023\/05\/2008.jpg 600w, https:\/\/www.physiqueclubledonien.fr\/wp-content\/uploads\/2023\/05\/2008-300x225.jpg 300w\" sizes=\"auto, (max-width: 600px) 100vw, 600px\" \/><\/figure>\n","protected":false},"excerpt":{"rendered":"<p>Athl\u00e8tes du Physique Club 2018 Honorat Bernot Quentin Bert Denis Canciani Paul Gelique S\u00e9bastien Roche Arnaud Vienez 2017 2016 2015 2014 2013 2012 2011 2010 S\u00e9bastien Roche Patrice Bassard 2009 Patrice Bassard Olivier Clavez Franck Didelle Samia Didelle Daniel Dos Santos Laurent Ducourtioux Fran\u00e7ois Gauvin Nathalie Loersch S\u00e9bastien Roche Lydie Saintoyant 2008 C\u00e9dric Artz Daniel [&hellip;]<\/p>\n","protected":false},"author":1,"featured_media":0,"parent":0,"menu_order":1,"comment_status":"closed","ping_status":"closed","template":"","meta":{"footnotes":""},"class_list":["post-68","page","type-page","status-publish","hentry"],"_links":{"self":[{"href":"https:\/\/www.physiqueclubledonien.fr\/index.php\/wp-json\/wp\/v2\/pages\/68","targetHints":{"allow":["GET"]}}],"collection":[{"href":"https:\/\/www.physiqueclubledonien.fr\/index.php\/wp-json\/wp\/v2\/pages"}],"about":[{"href":"https:\/\/www.physiqueclubledonien.fr\/index.php\/wp-json\/wp\/v2\/types\/page"}],"author":[{"embeddable":true,"href":"https:\/\/www.physiqueclubledonien.fr\/index.php\/wp-json\/wp\/v2\/users\/1"}],"replies":[{"embeddable":true,"href":"https:\/\/www.physiqueclubledonien.fr\/index.php\/wp-json\/wp\/v2\/comments?post=68"}],"version-history":[{"count":21,"href":"https:\/\/www.physiqueclubledonien.fr\/index.php\/wp-json\/wp\/v2\/pages\/68\/revisions"}],"predecessor-version":[{"id":372,"href":"https:\/\/www.physiqueclubledonien.fr\/index.php\/wp-json\/wp\/v2\/pages\/68\/revisions\/372"}],"wp:attachment":[{"href":"https:\/\/www.physiqueclubledonien.fr\/index.php\/wp-json\/wp\/v2\/media?parent=68"}],"curies":[{"name":"wp","href":"https:\/\/api.w.org\/{rel}","templated":true}]}}